{"id":296,"date":"2016-09-02T03:13:48","date_gmt":"2016-09-02T03:13:48","guid":{"rendered":"https:\/\/andamiosglobal.com\/?page_id=296"},"modified":"2016-09-02T03:14:39","modified_gmt":"2016-09-02T03:14:39","slug":"politica-de-privacidad","status":"publish","type":"page","link":"https:\/\/andamiosglobal.com\/en\/politica-de-privacidad\/","title":{"rendered":"Privacy policy"},"content":{"rendered":"<h1 class=\"TxtSubInd\">Pol\u00edtica de privacidad y protecci\u00f3n de datos personales<\/h1>\n<p class=\"TxtContenido\">Este sitio web y su contenido son de propiedad exclusiva de <strong>ANDAMIOS GLOBAL S.A.S.<\/strong><\/p>\n<p class=\"TxtContenido\">Est\u00e1 prohibida su reproducci\u00f3n total o parcial, inclusi\u00f3n, transmisi\u00f3n o almacenamiento a trav\u00e9s de medios anal\u00f3gicos, digitales o de cualquier otro sistema o tecnolog\u00eda creada o por crearse, sin autorizaci\u00f3n previa y escrita de la compa\u00f1\u00eda.<\/p>\n<p class=\"TxtContenido\"><strong>ANDAMIOS GLOBAL S.A.S.<\/strong>, asegura absoluta reserva y protecci\u00f3n de datos de car\u00e1cter personal que los usuarios del sitio en Internet de su propiedad, ubicado en la direcci\u00f3n electr\u00f3nica <a href=\"https:\/\/andamiosglobal.com\/en\/\"><strong>www.andamiosglobal.com<\/strong><\/a>, ingresen al sitio y depositen all\u00ed su informaci\u00f3n en los formularios de contacto. As\u00ed mismo, asegura la debida reserva de la informaci\u00f3n confidencial que las empresas que han suscrito contratos o transacciones comerciales con <strong>ANDAMIOS GLOBAL S.A.S.<\/strong>, ejerciendo as\u00ed la pol\u00edtica de privacidad y protecci\u00f3n de datos personales.<\/p>\n<p class=\"TxtContenido\"><a href=\"https:\/\/andamiosglobal.com\/en\/\"><strong>www.andamiosglobal.com<\/strong><\/a> proporciona a los usuarios y a los clientes los recursos t\u00e9cnicos adecuados para que tomen conocimiento de la presente pol\u00edtica de privacidad y protecci\u00f3n de datos personales y de cualquier otra informaci\u00f3n que pueda ser relevante, constituyendo el ingreso de datos personales o informaci\u00f3n confidencial en el sitio la manifestaci\u00f3n expresa de su consentimiento a la presente.<\/p>\n<p class=\"TxtContenido\">Los datos personales de los usuarios no son entregados por <a href=\"https:\/\/andamiosglobal.com\/en\/\"><strong>www.andamiosglobal.com<\/strong><\/a>a terceros, seg\u00fan se describe en esta pol\u00edtica de privacidad y protecci\u00f3n de datos personales.<\/p>\n<p class=\"TxtContenido\">El presente aviso legal se rige por las leyes vigentes en la Rep\u00fablica de Colombia, quedando sometida a la jurisdicci\u00f3n ordinaria colombiana cualquier disputa, reclamaci\u00f3n o controversia sobre el mismo.<\/p>\n<p class=\"TxtContenido Derecha\"><strong>COPYRIGHT \u00a9 ANDAMIOS GLOBAL S.A.S.<\/strong><\/p>","protected":false},"excerpt":{"rendered":"<p>Pol\u00edtica de privacidad y protecci\u00f3n de datos personales Este sitio web y su contenido son de propiedad exclusiva de ANDAMIOS GLOBAL S.A.S. Est\u00e1 prohibida su reproducci\u00f3n total o parcial, inclusi\u00f3n, transmisi\u00f3n o almacenamiento a trav\u00e9s de medios anal\u00f3gicos, digitales o de cualquier otro sistema o tecnolog\u00eda creada o por crearse, sin autorizaci\u00f3n previa y escrita [&hellip;]<\/p>","protected":false},"author":1,"featured_media":129,"parent":0,"menu_order":0,"comment_status":"closed","ping_status":"closed","template":"","meta":[],"yoast_head":"<!-- This site is optimized with the Yoast SEO plugin v17.5 - https:\/\/yoast.com\/wordpress\/plugins\/seo\/ -->\n<title>Andamios<\/title>\n<meta name=\"description\" content=\"Andamios Certificados, distribuci\u00f3n para Colombia y Am\u00e9rica Latina\" \/>\n<meta name=\"robots\" content=\"index, follow, max-snippet:-1, max-image-preview:large, max-video-preview:-1\" \/>\n<link rel=\"canonical\" href=\"https:\/\/andamiosglobal.com\/en\/politica-de-privacidad\/\" \/>\n<meta property=\"og:locale\" content=\"en_US\" \/>\n<meta property=\"og:type\" content=\"article\" \/>\n<meta property=\"og:title\" content=\"Andamios\" \/>\n<meta property=\"og:description\" content=\"Andamios Certificados, distribuci\u00f3n para Colombia y Am\u00e9rica Latina\" \/>\n<meta property=\"og:url\" content=\"https:\/\/andamiosglobal.com\/en\/politica-de-privacidad\/\" \/>\n<meta property=\"og:site_name\" content=\"Andamios Global\" \/>\n<meta property=\"article:publisher\" content=\"https:\/\/www.facebook.com\/ANDAMIOSGLOBAL\/\" \/>\n<meta property=\"article:modified_time\" content=\"2016-09-02T03:14:39+00:00\" \/>\n<meta property=\"og:image\" content=\"https:\/\/andamiosglobal.com\/wp-content\/uploads\/2016\/08\/imgProductos.jpg\" \/>\n\t<meta property=\"og:image:width\" content=\"1138\" \/>\n\t<meta property=\"og:image:height\" content=\"250\" \/>\n<meta name=\"twitter:card\" content=\"summary_large_image\" \/>\n<meta name=\"twitter:site\" content=\"@Andamios_global\" \/>\n<meta name=\"twitter:label1\" content=\"Est. reading time\" \/>\n\t<meta name=\"twitter:data1\" content=\"1 minute\" \/>\n<script type=\"application\/ld+json\" class=\"yoast-schema-graph\">{\"@context\":\"https:\/\/schema.org\",\"@graph\":[{\"@type\":\"WebSite\",\"@id\":\"https:\/\/andamiosglobal.com\/es_es\/#website\",\"url\":\"https:\/\/andamiosglobal.com\/es_es\/\",\"name\":\"Andamios Global\",\"description\":\"Fabricaci\\u00f3n y alquiler de andamios certificado en Colombia\",\"potentialAction\":[{\"@type\":\"SearchAction\",\"target\":{\"@type\":\"EntryPoint\",\"urlTemplate\":\"https:\/\/andamiosglobal.com\/es_es\/?s={search_term_string}\"},\"query-input\":\"required name=search_term_string\"}],\"inLanguage\":\"en-US\"},{\"@type\":\"ImageObject\",\"@id\":\"https:\/\/andamiosglobal.com\/es_es\/politica-de-privacidad\/#primaryimage\",\"inLanguage\":\"en-US\",\"url\":\"https:\/\/andamiosglobal.com\/wp-content\/uploads\/2016\/08\/imgProductos.jpg\",\"contentUrl\":\"https:\/\/andamiosglobal.com\/wp-content\/uploads\/2016\/08\/imgProductos.jpg\",\"width\":1138,\"height\":250,\"caption\":\"Andamio Multidireccional Certificado\"},{\"@type\":\"WebPage\",\"@id\":\"https:\/\/andamiosglobal.com\/es_es\/politica-de-privacidad\/#webpage\",\"url\":\"https:\/\/andamiosglobal.com\/es_es\/politica-de-privacidad\/\",\"name\":\"Andamios\",\"isPartOf\":{\"@id\":\"https:\/\/andamiosglobal.com\/es_es\/#website\"},\"primaryImageOfPage\":{\"@id\":\"https:\/\/andamiosglobal.com\/es_es\/politica-de-privacidad\/#primaryimage\"},\"datePublished\":\"2016-09-02T03:13:48+00:00\",\"dateModified\":\"2016-09-02T03:14:39+00:00\",\"description\":\"Andamios Certificados, distribuci\\u00f3n para Colombia y Am\\u00e9rica Latina\",\"breadcrumb\":{\"@id\":\"https:\/\/andamiosglobal.com\/es_es\/politica-de-privacidad\/#breadcrumb\"},\"inLanguage\":\"en-US\",\"potentialAction\":[{\"@type\":\"ReadAction\",\"target\":[\"https:\/\/andamiosglobal.com\/es_es\/politica-de-privacidad\/\"]}]},{\"@type\":\"BreadcrumbList\",\"@id\":\"https:\/\/andamiosglobal.com\/es_es\/politica-de-privacidad\/#breadcrumb\",\"itemListElement\":[{\"@type\":\"ListItem\",\"position\":1,\"name\":\"Andamios Certificados\",\"item\":\"https:\/\/andamiosglobal.com\/es_es\/\"},{\"@type\":\"ListItem\",\"position\":2,\"name\":\"Pol\\u00edtica de Privacidad\"}]}]}<\/script>\n<!-- \/ Yoast SEO plugin. -->","yoast_head_json":{"title":"Andamios","description":"Andamios Certificados, distribuci\u00f3n para Colombia y Am\u00e9rica Latina","robots":{"index":"index","follow":"follow","max-snippet":"max-snippet:-1","max-image-preview":"max-image-preview:large","max-video-preview":"max-video-preview:-1"},"canonical":"https:\/\/andamiosglobal.com\/en\/politica-de-privacidad\/","og_locale":"en_US","og_type":"article","og_title":"Andamios","og_description":"Andamios Certificados, distribuci\u00f3n para Colombia y Am\u00e9rica Latina","og_url":"https:\/\/andamiosglobal.com\/en\/politica-de-privacidad\/","og_site_name":"Andamios Global","article_publisher":"https:\/\/www.facebook.com\/ANDAMIOSGLOBAL\/","article_modified_time":"2016-09-02T03:14:39+00:00","og_image":[{"width":1138,"height":250,"url":"https:\/\/andamiosglobal.com\/wp-content\/uploads\/2016\/08\/imgProductos.jpg","type":"image\/jpeg"}],"twitter_card":"summary_large_image","twitter_site":"@Andamios_global","twitter_misc":{"Est. reading time":"1 minute"},"schema":{"@context":"https:\/\/schema.org","@graph":[{"@type":"WebSite","@id":"https:\/\/andamiosglobal.com\/es_es\/#website","url":"https:\/\/andamiosglobal.com\/es_es\/","name":"Andamios Global","description":"Fabricaci\u00f3n y alquiler de andamios certificado en Colombia","potentialAction":[{"@type":"SearchAction","target":{"@type":"EntryPoint","urlTemplate":"https:\/\/andamiosglobal.com\/es_es\/?s={search_term_string}"},"query-input":"required name=search_term_string"}],"inLanguage":"en-US"},{"@type":"ImageObject","@id":"https:\/\/andamiosglobal.com\/es_es\/politica-de-privacidad\/#primaryimage","inLanguage":"en-US","url":"https:\/\/andamiosglobal.com\/wp-content\/uploads\/2016\/08\/imgProductos.jpg","contentUrl":"https:\/\/andamiosglobal.com\/wp-content\/uploads\/2016\/08\/imgProductos.jpg","width":1138,"height":250,"caption":"Andamio Multidireccional Certificado"},{"@type":"WebPage","@id":"https:\/\/andamiosglobal.com\/es_es\/politica-de-privacidad\/#webpage","url":"https:\/\/andamiosglobal.com\/es_es\/politica-de-privacidad\/","name":"Andamios","isPartOf":{"@id":"https:\/\/andamiosglobal.com\/es_es\/#website"},"primaryImageOfPage":{"@id":"https:\/\/andamiosglobal.com\/es_es\/politica-de-privacidad\/#primaryimage"},"datePublished":"2016-09-02T03:13:48+00:00","dateModified":"2016-09-02T03:14:39+00:00","description":"Andamios Certificados, distribuci\u00f3n para Colombia y Am\u00e9rica Latina","breadcrumb":{"@id":"https:\/\/andamiosglobal.com\/es_es\/politica-de-privacidad\/#breadcrumb"},"inLanguage":"en-US","potentialAction":[{"@type":"ReadAction","target":["https:\/\/andamiosglobal.com\/es_es\/politica-de-privacidad\/"]}]},{"@type":"BreadcrumbList","@id":"https:\/\/andamiosglobal.com\/es_es\/politica-de-privacidad\/#breadcrumb","itemListElement":[{"@type":"ListItem","position":1,"name":"Andamios Certificados","item":"https:\/\/andamiosglobal.com\/es_es\/"},{"@type":"ListItem","position":2,"name":"Pol\u00edtica de Privacidad"}]}]}},"_links":{"self":[{"href":"https:\/\/andamiosglobal.com\/en\/wp-json\/wp\/v2\/pages\/296"}],"collection":[{"href":"https:\/\/andamiosglobal.com\/en\/wp-json\/wp\/v2\/pages"}],"about":[{"href":"https:\/\/andamiosglobal.com\/en\/wp-json\/wp\/v2\/types\/page"}],"author":[{"embeddable":true,"href":"https:\/\/andamiosglobal.com\/en\/wp-json\/wp\/v2\/users\/1"}],"replies":[{"embeddable":true,"href":"https:\/\/andamiosglobal.com\/en\/wp-json\/wp\/v2\/comments?post=296"}],"version-history":[{"count":0,"href":"https:\/\/andamiosglobal.com\/en\/wp-json\/wp\/v2\/pages\/296\/revisions"}],"wp:featuredmedia":[{"embeddable":true,"href":"https:\/\/andamiosglobal.com\/en\/wp-json\/wp\/v2\/media\/129"}],"wp:attachment":[{"href":"https:\/\/andamiosglobal.com\/en\/wp-json\/wp\/v2\/media?parent=296"}],"curies":[{"name":"wp","href":"https:\/\/api.w.org\/{rel}","templated":true}]}}