{"id":4763,"date":"2022-04-21T16:44:42","date_gmt":"2022-04-21T21:44:42","guid":{"rendered":"https:\/\/andamiosglobal.com\/?page_id=4763"},"modified":"2023-02-13T15:27:39","modified_gmt":"2023-02-13T20:27:39","slug":"contacto","status":"publish","type":"page","link":"https:\/\/andamiosglobal.com\/en\/contacto\/","title":{"rendered":"Contact Us"},"content":{"rendered":"<div data-elementor-type=\"wp-page\" data-elementor-id=\"4763\" class=\"elementor elementor-4763\" data-elementor-settings=\"[]\">\n\t\t\t\t\t\t<div class=\"elementor-inner\">\n\t\t\t\t\t\t\t<div class=\"elementor-section-wrap\">\n\t\t\t\t\t\t\t<section class=\"elementor-section elementor-top-section elementor-element elementor-element-5c67cb2 elementor-section-height-min-height elementor-section-boxed elementor-section-height-default elementor-section-items-middle\" data-id=\"5c67cb2\" data-element_type=\"section\" data-settings=\"{&quot;background_background&quot;:&quot;gradient&quot;}\">\n\t\t\t\t\t\t<div class=\"elementor-container elementor-column-gap-default\">\n\t\t\t\t\t\t\t<div class=\"elementor-row\">\n\t\t\t\t\t<div class=\"elementor-column elementor-col-100 elementor-top-column elementor-element elementor-element-f36e05e\" data-id=\"f36e05e\" data-element_type=\"column\">\n\t\t\t<div class=\"elementor-column-wrap elementor-element-populated\">\n\t\t\t\t\t\t\t<div class=\"elementor-widget-wrap\">\n\t\t\t\t\t\t<div class=\"elementor-element elementor-element-60515cc elementor-widget elementor-widget-heading\" data-id=\"60515cc\" data-element_type=\"widget\" data-widget_type=\"heading.default\">\n\t\t\t\t<div class=\"elementor-widget-container\">\n\t\t\t<h1 class=\"elementor-heading-title elementor-size-default\">Contact us to provide you with personalized service <br>on certified scaffolding<\/h1>\t\t<\/div>\n\t\t\t\t<\/div>\n\t\t\t\t\t\t<\/div>\n\t\t\t\t\t<\/div>\n\t\t<\/div>\n\t\t\t\t\t\t\t\t<\/div>\n\t\t\t\t\t<\/div>\n\t\t<\/section>\n\t\t\t\t<section class=\"elementor-section elementor-top-section elementor-element elementor-element-ebae89c elementor-section-boxed elementor-section-height-default elementor-section-height-default\" data-id=\"ebae89c\" data-element_type=\"section\">\n\t\t\t\t\t\t<div class=\"elementor-container elementor-column-gap-default\">\n\t\t\t\t\t\t\t<div class=\"elementor-row\">\n\t\t\t\t\t<div class=\"elementor-column elementor-col-50 elementor-top-column elementor-element elementor-element-3233bb9\" data-id=\"3233bb9\" data-element_type=\"column\">\n\t\t\t<div class=\"elementor-column-wrap elementor-element-populated\">\n\t\t\t\t\t\t\t<div class=\"elementor-widget-wrap\">\n\t\t\t\t\t\t<div class=\"elementor-element elementor-element-05901c5 elementor-widget elementor-widget-heading\" data-id=\"05901c5\" data-element_type=\"widget\" data-widget_type=\"heading.default\">\n\t\t\t\t<div class=\"elementor-widget-container\">\n\t\t\t<h4 class=\"elementor-heading-title elementor-size-default\">Contact one of our consultants<\/h4>\t\t<\/div>\n\t\t\t\t<\/div>\n\t\t\t\t<div class=\"elementor-element elementor-element-696bba4 elementor-widget elementor-widget-text-editor\" data-id=\"696bba4\" data-element_type=\"widget\" data-widget_type=\"text-editor.default\">\n\t\t\t\t<div class=\"elementor-widget-container\">\n\t\t\t\t\t\t\t\t<div class=\"elementor-text-editor elementor-clearfix\">\n\t\t\t\t<p>Our hours of operation are Monday to Friday 7:00 to 17:00 (Local Time)<\/p>\t\t\t\t\t<\/div>\n\t\t\t\t\t\t<\/div>\n\t\t\t\t<\/div>\n\t\t\t\t<section class=\"elementor-section elementor-inner-section elementor-element elementor-element-256b56b elementor-section-height-min-height elementor-section-boxed elementor-section-height-default\" data-id=\"256b56b\" data-element_type=\"section\">\n\t\t\t\t\t\t<div class=\"elementor-container elementor-column-gap-default\">\n\t\t\t\t\t\t\t<div class=\"elementor-row\">\n\t\t\t\t\t<div class=\"elementor-column elementor-col-100 elementor-inner-column elementor-element elementor-element-ac289ad\" data-id=\"ac289ad\" data-element_type=\"column\" data-settings=\"{&quot;background_background&quot;:&quot;classic&quot;}\">\n\t\t\t<div class=\"elementor-column-wrap elementor-element-populated\">\n\t\t\t\t\t\t\t<div class=\"elementor-widget-wrap\">\n\t\t\t\t\t\t<div class=\"elementor-element elementor-element-e86c48c elementor-widget elementor-widget-text-editor\" data-id=\"e86c48c\" data-element_type=\"widget\" data-widget_type=\"text-editor.default\">\n\t\t\t\t<div class=\"elementor-widget-container\">\n\t\t\t\t\t\t\t\t<div class=\"elementor-text-editor elementor-clearfix\">\n\t\t\t\t<p><b>Contact Us<br \/><\/b>Phone:\u00a0<a href=\"tel:+573045929283\" target=\"_blank\" rel=\"noopener\">3045929283<\/a><br \/>Email:\u00a0<a href=\"mailto:internacional@andamiosglobal.com\" target=\"_blank\" rel=\"noopener\">cotizaciones@andamiosglobal.com<\/a><\/p>\t\t\t\t\t<\/div>\n\t\t\t\t\t\t<\/div>\n\t\t\t\t<\/div>\n\t\t\t\t<div class=\"elementor-element elementor-element-6ae67e5 elementor-align-left elementor-widget elementor-widget-button\" data-id=\"6ae67e5\" data-element_type=\"widget\" data-widget_type=\"button.default\">\n\t\t\t\t<div class=\"elementor-widget-container\">\n\t\t\t\t\t<div class=\"elementor-button-wrapper\">\n\t\t\t<a href=\"https:\/\/wa.me\/573017849884\" target=\"_blank\" class=\"elementor-button-link elementor-button elementor-size-sm\" role=\"button\">\n\t\t\t\t\t\t<span class=\"elementor-button-content-wrapper\">\n\t\t\t\t\t\t<span class=\"elementor-button-icon elementor-align-icon-left\">\n\t\t\t\t<i aria-hidden=\"true\" class=\"fab fa-whatsapp\"><\/i>\t\t\t<\/span>\n\t\t\t\t\t\t<span class=\"elementor-button-text\">Request a quote<\/span>\n\t\t<\/span>\n\t\t\t\t\t<\/a>\n\t\t<\/div>\n\t\t\t\t<\/div>\n\t\t\t\t<\/div>\n\t\t\t\t\t\t<\/div>\n\t\t\t\t\t<\/div>\n\t\t<\/div>\n\t\t\t\t\t\t\t\t<\/div>\n\t\t\t\t\t<\/div>\n\t\t<\/section>\n\t\t\t\t\t\t<\/div>\n\t\t\t\t\t<\/div>\n\t\t<\/div>\n\t\t\t\t<div class=\"elementor-column elementor-col-50 elementor-top-column elementor-element elementor-element-f58b125\" data-id=\"f58b125\" data-element_type=\"column\">\n\t\t\t<div class=\"elementor-column-wrap elementor-element-populated\">\n\t\t\t\t\t\t\t<div class=\"elementor-widget-wrap\">\n\t\t\t\t\t\t<div class=\"elementor-element elementor-element-e7499a8 elementor-widget elementor-widget-html\" data-id=\"e7499a8\" data-element_type=\"widget\" data-widget_type=\"html.default\">\n\t\t\t\t<div class=\"elementor-widget-container\">\n\t\t\t<script data-b24-form=\"inline\/3\/w57h0x\" data-skip-moving=\"true\">\n(function(w,d,u){\nvar s=d.createElement('script');s.async=true;s.src=u+'?'+(Date.now()\/180000|0);\nvar h=d.getElementsByTagName('script')[0];h.parentNode.insertBefore(s,h);\n})(window,document,'https:\/\/cdn.bitrix24.es\/b16694239\/crm\/form\/loader_3.js');\n<\/script>\t\t<\/div>\n\t\t\t\t<\/div>\n\t\t\t\t\t\t<\/div>\n\t\t\t\t\t<\/div>\n\t\t<\/div>\n\t\t\t\t\t\t\t\t<\/div>\n\t\t\t\t\t<\/div>\n\t\t<\/section>\n\t\t\t\t\t\t<\/div>\n\t\t\t\t\t\t<\/div>\n\t\t\t\t\t<\/div>","protected":false},"excerpt":{"rendered":"<p>Cont\u00e1ctenos para brindarle asesor\u00eda personalizada sobre andamios certificados Contacte uno de nuestros asesores Nuestro horario de atenci\u00f3n es de Lunes a viernes de 7 am a 5 pm. ContactoCel:\u00a03045929283Email:\u00a0cotizaciones@andamiosglobal.com Solicitar asesor\u00eda<\/p>","protected":false},"author":1,"featured_media":0,"parent":0,"menu_order":0,"comment_status":"closed","ping_status":"closed","template":"","meta":[],"yoast_head":"<!-- This site is optimized with the Yoast SEO plugin v17.5 - https:\/\/yoast.com\/wordpress\/plugins\/seo\/ -->\n<title>Cont\u00e1ctenos | Andamios Global | Andamios Certificados<\/title>\n<meta name=\"description\" content=\"Solicite su cotizaci\u00f3n de andamios certificados. Fabricaci\u00f3n, venta y alquiler de andamios colgantes y andamios multidireccionales. Entrega en toda Colombia\" \/>\n<meta name=\"robots\" content=\"index, follow, max-snippet:-1, max-image-preview:large, max-video-preview:-1\" \/>\n<link rel=\"canonical\" href=\"https:\/\/andamiosglobal.com\/en\/contacto\/\" \/>\n<meta property=\"og:locale\" content=\"en_US\" \/>\n<meta property=\"og:type\" content=\"article\" \/>\n<meta property=\"og:title\" content=\"Cont\u00e1ctenos | Andamios Global | Andamios Certificados\" \/>\n<meta property=\"og:description\" content=\"Solicite su cotizaci\u00f3n de andamios certificados. Fabricaci\u00f3n, venta y alquiler de andamios colgantes y andamios multidireccionales. Entrega en toda Colombia\" \/>\n<meta property=\"og:url\" content=\"https:\/\/andamiosglobal.com\/en\/contacto\/\" \/>\n<meta property=\"og:site_name\" content=\"Andamios Global\" \/>\n<meta property=\"article:publisher\" content=\"https:\/\/www.facebook.com\/ANDAMIOSGLOBAL\/\" \/>\n<meta property=\"article:modified_time\" content=\"2023-02-13T20:27:39+00:00\" \/>\n<meta property=\"og:image\" content=\"https:\/\/andamiosglobal.com\/wp-content\/uploads\/2022\/05\/Portada-Andamios-Global-Sitio-Web.png\" \/>\n\t<meta property=\"og:image:width\" content=\"1437\" \/>\n\t<meta property=\"og:image:height\" content=\"711\" \/>\n<meta name=\"twitter:card\" content=\"summary_large_image\" \/>\n<meta name=\"twitter:site\" content=\"@Andamios_global\" \/>\n<meta name=\"twitter:label1\" content=\"Est. reading time\" \/>\n\t<meta name=\"twitter:data1\" content=\"1 minute\" \/>\n<script type=\"application\/ld+json\" class=\"yoast-schema-graph\">{\"@context\":\"https:\/\/schema.org\",\"@graph\":[{\"@type\":\"WebSite\",\"@id\":\"https:\/\/andamiosglobal.com\/es_es\/#website\",\"url\":\"https:\/\/andamiosglobal.com\/es_es\/\",\"name\":\"Andamios Global\",\"description\":\"Fabricaci\\u00f3n y alquiler de andamios certificado en Colombia\",\"potentialAction\":[{\"@type\":\"SearchAction\",\"target\":{\"@type\":\"EntryPoint\",\"urlTemplate\":\"https:\/\/andamiosglobal.com\/es_es\/?s={search_term_string}\"},\"query-input\":\"required name=search_term_string\"}],\"inLanguage\":\"en-US\"},{\"@type\":\"WebPage\",\"@id\":\"https:\/\/andamiosglobal.com\/es_es\/contacto\/#webpage\",\"url\":\"https:\/\/andamiosglobal.com\/es_es\/contacto\/\",\"name\":\"Cont\\u00e1ctenos | Andamios Global | Andamios Certificados\",\"isPartOf\":{\"@id\":\"https:\/\/andamiosglobal.com\/es_es\/#website\"},\"datePublished\":\"2022-04-21T21:44:42+00:00\",\"dateModified\":\"2023-02-13T20:27:39+00:00\",\"description\":\"Solicite su cotizaci\\u00f3n de andamios certificados. Fabricaci\\u00f3n, venta y alquiler de andamios colgantes y andamios multidireccionales. Entrega en toda Colombia\",\"breadcrumb\":{\"@id\":\"https:\/\/andamiosglobal.com\/es_es\/contacto\/#breadcrumb\"},\"inLanguage\":\"en-US\",\"potentialAction\":[{\"@type\":\"ReadAction\",\"target\":[\"https:\/\/andamiosglobal.com\/es_es\/contacto\/\"]}]},{\"@type\":\"BreadcrumbList\",\"@id\":\"https:\/\/andamiosglobal.com\/es_es\/contacto\/#breadcrumb\",\"itemListElement\":[{\"@type\":\"ListItem\",\"position\":1,\"name\":\"Andamios Certificados\",\"item\":\"https:\/\/andamiosglobal.com\/es_es\/\"},{\"@type\":\"ListItem\",\"position\":2,\"name\":\"Contacto\"}]}]}<\/script>\n<!-- \/ Yoast SEO plugin. -->","yoast_head_json":{"title":"Cont\u00e1ctenos | Andamios Global | Andamios Certificados","description":"Solicite su cotizaci\u00f3n de andamios certificados. Fabricaci\u00f3n, venta y alquiler de andamios colgantes y andamios multidireccionales. Entrega en toda Colombia","robots":{"index":"index","follow":"follow","max-snippet":"max-snippet:-1","max-image-preview":"max-image-preview:large","max-video-preview":"max-video-preview:-1"},"canonical":"https:\/\/andamiosglobal.com\/en\/contacto\/","og_locale":"en_US","og_type":"article","og_title":"Cont\u00e1ctenos | Andamios Global | Andamios Certificados","og_description":"Solicite su cotizaci\u00f3n de andamios certificados. Fabricaci\u00f3n, venta y alquiler de andamios colgantes y andamios multidireccionales. Entrega en toda Colombia","og_url":"https:\/\/andamiosglobal.com\/en\/contacto\/","og_site_name":"Andamios Global","article_publisher":"https:\/\/www.facebook.com\/ANDAMIOSGLOBAL\/","article_modified_time":"2023-02-13T20:27:39+00:00","og_image":[{"width":1437,"height":711,"url":"https:\/\/andamiosglobal.com\/wp-content\/uploads\/2022\/05\/Portada-Andamios-Global-Sitio-Web.png","type":"image\/png"}],"twitter_card":"summary_large_image","twitter_site":"@Andamios_global","twitter_misc":{"Est. reading time":"1 minute"},"schema":{"@context":"https:\/\/schema.org","@graph":[{"@type":"WebSite","@id":"https:\/\/andamiosglobal.com\/es_es\/#website","url":"https:\/\/andamiosglobal.com\/es_es\/","name":"Andamios Global","description":"Fabricaci\u00f3n y alquiler de andamios certificado en Colombia","potentialAction":[{"@type":"SearchAction","target":{"@type":"EntryPoint","urlTemplate":"https:\/\/andamiosglobal.com\/es_es\/?s={search_term_string}"},"query-input":"required name=search_term_string"}],"inLanguage":"en-US"},{"@type":"WebPage","@id":"https:\/\/andamiosglobal.com\/es_es\/contacto\/#webpage","url":"https:\/\/andamiosglobal.com\/es_es\/contacto\/","name":"Cont\u00e1ctenos | Andamios Global | Andamios Certificados","isPartOf":{"@id":"https:\/\/andamiosglobal.com\/es_es\/#website"},"datePublished":"2022-04-21T21:44:42+00:00","dateModified":"2023-02-13T20:27:39+00:00","description":"Solicite su cotizaci\u00f3n de andamios certificados. Fabricaci\u00f3n, venta y alquiler de andamios colgantes y andamios multidireccionales. Entrega en toda Colombia","breadcrumb":{"@id":"https:\/\/andamiosglobal.com\/es_es\/contacto\/#breadcrumb"},"inLanguage":"en-US","potentialAction":[{"@type":"ReadAction","target":["https:\/\/andamiosglobal.com\/es_es\/contacto\/"]}]},{"@type":"BreadcrumbList","@id":"https:\/\/andamiosglobal.com\/es_es\/contacto\/#breadcrumb","itemListElement":[{"@type":"ListItem","position":1,"name":"Andamios Certificados","item":"https:\/\/andamiosglobal.com\/es_es\/"},{"@type":"ListItem","position":2,"name":"Contacto"}]}]}},"_links":{"self":[{"href":"https:\/\/andamiosglobal.com\/en\/wp-json\/wp\/v2\/pages\/4763"}],"collection":[{"href":"https:\/\/andamiosglobal.com\/en\/wp-json\/wp\/v2\/pages"}],"about":[{"href":"https:\/\/andamiosglobal.com\/en\/wp-json\/wp\/v2\/types\/page"}],"author":[{"embeddable":true,"href":"https:\/\/andamiosglobal.com\/en\/wp-json\/wp\/v2\/users\/1"}],"replies":[{"embeddable":true,"href":"https:\/\/andamiosglobal.com\/en\/wp-json\/wp\/v2\/comments?post=4763"}],"version-history":[{"count":36,"href":"https:\/\/andamiosglobal.com\/en\/wp-json\/wp\/v2\/pages\/4763\/revisions"}],"predecessor-version":[{"id":5209,"href":"https:\/\/andamiosglobal.com\/en\/wp-json\/wp\/v2\/pages\/4763\/revisions\/5209"}],"wp:attachment":[{"href":"https:\/\/andamiosglobal.com\/en\/wp-json\/wp\/v2\/media?parent=4763"}],"curies":[{"name":"wp","href":"https:\/\/api.w.org\/{rel}","templated":true}]}}