{"id":4662,"date":"2022-04-22T14:25:35","date_gmt":"2022-04-22T19:25:35","guid":{"rendered":"https:\/\/andamiosglobal.com\/?page_id=4662"},"modified":"2025-03-18T10:30:20","modified_gmt":"2025-03-18T15:30:20","slug":"andamios-certificados","status":"publish","type":"page","link":"https:\/\/andamiosglobal.com\/es_es\/andamios-certificados\/","title":{"rendered":"Productos"},"content":{"rendered":"\t\t<div data-elementor-type=\"wp-page\" data-elementor-id=\"4662\" class=\"elementor elementor-4662\" data-elementor-settings=\"[]\">\n\t\t\t\t\t\t<div class=\"elementor-inner\">\n\t\t\t\t\t\t\t<div class=\"elementor-section-wrap\">\n\t\t\t\t\t\t\t<section class=\"elementor-section elementor-top-section elementor-element elementor-element-eae63ab elementor-section-full_width elementor-section-height-min-height elementor-section-height-default elementor-section-items-middle\" data-id=\"eae63ab\" data-element_type=\"section\" data-settings=\"{&quot;background_background&quot;:&quot;gradient&quot;}\">\n\t\t\t\t\t\t\t<div class=\"elementor-background-overlay\"><\/div>\n\t\t\t\t\t\t\t<div class=\"elementor-container elementor-column-gap-default\">\n\t\t\t\t\t\t\t<div class=\"elementor-row\">\n\t\t\t\t\t<div class=\"elementor-column elementor-col-100 elementor-top-column elementor-element elementor-element-7e043aa\" data-id=\"7e043aa\" data-element_type=\"column\">\n\t\t\t<div class=\"elementor-column-wrap elementor-element-populated\">\n\t\t\t\t\t\t\t<div class=\"elementor-widget-wrap\">\n\t\t\t\t\t\t<div class=\"elementor-element elementor-element-3dd5a25 elementor-widget elementor-widget-heading\" data-id=\"3dd5a25\" data-element_type=\"widget\" data-widget_type=\"heading.default\">\n\t\t\t\t<div class=\"elementor-widget-container\">\n\t\t\t<h1 class=\"elementor-heading-title elementor-size-default\">Andamios CERTIFICADOS<\/h1>\t\t<\/div>\n\t\t\t\t<\/div>\n\t\t\t\t\t\t<\/div>\n\t\t\t\t\t<\/div>\n\t\t<\/div>\n\t\t\t\t\t\t\t\t<\/div>\n\t\t\t\t\t<\/div>\n\t\t<\/section>\n\t\t\t\t<section class=\"elementor-section elementor-top-section elementor-element elementor-element-d9be62a elementor-section-height-min-height elementor-section-items-stretch elementor-section-content-middle elementor-section-boxed elementor-section-height-default\" data-id=\"d9be62a\" data-element_type=\"section\">\n\t\t\t\t\t\t\t<div class=\"elementor-background-overlay\"><\/div>\n\t\t\t\t\t\t\t<div class=\"elementor-container elementor-column-gap-wider\">\n\t\t\t\t\t\t\t<div class=\"elementor-row\">\n\t\t\t\t\t<div class=\"elementor-column elementor-col-50 elementor-top-column elementor-element elementor-element-2a98d21 elementor-invisible\" data-id=\"2a98d21\" data-element_type=\"column\" data-settings=\"{&quot;background_background&quot;:&quot;slideshow&quot;,&quot;background_slideshow_gallery&quot;:[{&quot;id&quot;:4564,&quot;url&quot;:&quot;https:\\\/\\\/andamiosglobal.com\\\/wp-content\\\/uploads\\\/2022\\\/04\\\/BN-Andamio-Colgante-Tigo-2.jpg&quot;},{&quot;id&quot;:4563,&quot;url&quot;:&quot;https:\\\/\\\/andamiosglobal.com\\\/wp-content\\\/uploads\\\/2022\\\/04\\\/BN-Andamio-Colgante-Mayorista-2.jpg&quot;},{&quot;id&quot;:4289,&quot;url&quot;:&quot;https:\\\/\\\/andamiosglobal.com\\\/wp-content\\\/uploads\\\/2022\\\/03\\\/Banner-Andamio-COLGANTE-5.jpg&quot;},{&quot;id&quot;:4257,&quot;url&quot;:&quot;https:\\\/\\\/andamiosglobal.com\\\/wp-content\\\/uploads\\\/2022\\\/03\\\/Andamio-Colgante-en-U.jpg&quot;},{&quot;id&quot;:4256,&quot;url&quot;:&quot;https:\\\/\\\/andamiosglobal.com\\\/wp-content\\\/uploads\\\/2022\\\/03\\\/Andamio-Colgante-movimiento-horizontal.jpg&quot;},{&quot;id&quot;:4255,&quot;url&quot;:&quot;https:\\\/\\\/andamiosglobal.com\\\/wp-content\\\/uploads\\\/2022\\\/03\\\/Andamio-colgante-industria.jpg&quot;}],&quot;animation&quot;:&quot;fadeInLeft&quot;,&quot;animation_delay&quot;:100,&quot;background_slideshow_loop&quot;:&quot;yes&quot;,&quot;background_slideshow_slide_duration&quot;:5000,&quot;background_slideshow_slide_transition&quot;:&quot;fade&quot;,&quot;background_slideshow_transition_duration&quot;:500}\">\n\t\t\t<div class=\"elementor-column-wrap elementor-element-populated\">\n\t\t\t\t\t\t\t<div class=\"elementor-widget-wrap\">\n\t\t\t\t\t\t<div class=\"elementor-element elementor-element-ae45452 elementor-widget elementor-widget-spacer\" data-id=\"ae45452\" data-element_type=\"widget\" data-widget_type=\"spacer.default\">\n\t\t\t\t<div class=\"elementor-widget-container\">\n\t\t\t\t\t<div class=\"elementor-spacer\">\n\t\t\t<div class=\"elementor-spacer-inner\"><\/div>\n\t\t<\/div>\n\t\t\t\t<\/div>\n\t\t\t\t<\/div>\n\t\t\t\t\t\t<\/div>\n\t\t\t\t\t<\/div>\n\t\t<\/div>\n\t\t\t\t<div class=\"elementor-column elementor-col-50 elementor-top-column elementor-element elementor-element-fc459a0 animated-slow elementor-invisible\" data-id=\"fc459a0\" data-element_type=\"column\" data-settings=\"{&quot;animation&quot;:&quot;fadeInLeft&quot;,&quot;animation_delay&quot;:200}\">\n\t\t\t<div class=\"elementor-column-wrap elementor-element-populated\">\n\t\t\t\t\t\t\t<div class=\"elementor-widget-wrap\">\n\t\t\t\t\t\t<div class=\"elementor-element elementor-element-45766da elementor-widget elementor-widget-heading\" data-id=\"45766da\" data-element_type=\"widget\" data-widget_type=\"heading.default\">\n\t\t\t\t<div class=\"elementor-widget-container\">\n\t\t\t<h4 class=\"elementor-heading-title elementor-size-default\">Fabricaci\u00f3n de<\/h4>\t\t<\/div>\n\t\t\t\t<\/div>\n\t\t\t\t<div class=\"elementor-element elementor-element-22ac8a3 elementor-widget elementor-widget-heading\" data-id=\"22ac8a3\" data-element_type=\"widget\" data-widget_type=\"heading.default\">\n\t\t\t\t<div class=\"elementor-widget-container\">\n\t\t\t<h2 class=\"elementor-heading-title elementor-size-default\">Andamios Colgantes El\u00e9ctricos Certificados<\/h2>\t\t<\/div>\n\t\t\t\t<\/div>\n\t\t\t\t<div class=\"elementor-element elementor-element-bb10fd3 elementor-widget elementor-widget-text-editor\" data-id=\"bb10fd3\" data-element_type=\"widget\" data-widget_type=\"text-editor.default\">\n\t\t\t\t<div class=\"elementor-widget-container\">\n\t\t\t\t\t\t\t\t<div class=\"elementor-text-editor elementor-clearfix\">\n\t\t\t\t<p>El Andamio Colgante Certificado el\u00e9ctrico o manual es ideal para el trabajo en alturas gracias a su\u00a0<strong>alcance de hasta 200 metros<\/strong>, facilidad de armado y desarmado, materiales ligeros y resistentes y su\u00a0<strong>factor de seguridad del 400%<\/strong>.<\/p><p>Cumple con las normas de seguridad industrial, otorga hasta un\u00a0<strong>50% de eficiencia<\/strong>\u00a0en la optimizaci\u00f3n de tiempos de trabajo y capacidad de<strong>\u00a0carga de hasta los 800 kg.<\/strong><\/p>\t\t\t\t\t<\/div>\n\t\t\t\t\t\t<\/div>\n\t\t\t\t<\/div>\n\t\t\t\t<div class=\"elementor-element elementor-element-adb11c3 elementor-widget elementor-widget-button\" data-id=\"adb11c3\" data-element_type=\"widget\" data-widget_type=\"button.default\">\n\t\t\t\t<div class=\"elementor-widget-container\">\n\t\t\t\t\t<div class=\"elementor-button-wrapper\">\n\t\t\t<a href=\"https:\/\/andamiosglobal.com\/productos\/andamio-colgante-certificado\/\" class=\"elementor-button-link elementor-button elementor-size-sm\" role=\"button\">\n\t\t\t\t\t\t<span class=\"elementor-button-content-wrapper\">\n\t\t\t\t\t\t<span class=\"elementor-button-text\">M\u00e1s informaci\u00f3n<\/span>\n\t\t<\/span>\n\t\t\t\t\t<\/a>\n\t\t<\/div>\n\t\t\t\t<\/div>\n\t\t\t\t<\/div>\n\t\t\t\t\t\t<\/div>\n\t\t\t\t\t<\/div>\n\t\t<\/div>\n\t\t\t\t\t\t\t\t<\/div>\n\t\t\t\t\t<\/div>\n\t\t<\/section>\n\t\t\t\t<section class=\"elementor-section elementor-top-section elementor-element elementor-element-107fbf0 elementor-section-height-min-height elementor-section-items-stretch elementor-section-content-middle elementor-section-boxed elementor-section-height-default\" data-id=\"107fbf0\" data-element_type=\"section\" data-settings=\"{&quot;background_background&quot;:&quot;classic&quot;}\">\n\t\t\t\t\t\t\t<div class=\"elementor-background-overlay\"><\/div>\n\t\t\t\t\t\t\t<div class=\"elementor-container elementor-column-gap-wider\">\n\t\t\t\t\t\t\t<div class=\"elementor-row\">\n\t\t\t\t\t<div class=\"elementor-column elementor-col-50 elementor-top-column elementor-element elementor-element-ffaee84 elementor-invisible\" data-id=\"ffaee84\" data-element_type=\"column\" data-settings=\"{&quot;background_background&quot;:&quot;slideshow&quot;,&quot;background_slideshow_gallery&quot;:[{&quot;id&quot;:5067,&quot;url&quot;:&quot;https:\\\/\\\/andamiosglobal.com\\\/wp-content\\\/uploads\\\/2022\\\/05\\\/Banner-Andamio-Colgante-Liviano-3.jpg&quot;}],&quot;animation&quot;:&quot;fadeInLeft&quot;,&quot;animation_delay&quot;:100,&quot;background_slideshow_loop&quot;:&quot;yes&quot;,&quot;background_slideshow_slide_duration&quot;:5000,&quot;background_slideshow_slide_transition&quot;:&quot;fade&quot;,&quot;background_slideshow_transition_duration&quot;:500}\">\n\t\t\t<div class=\"elementor-column-wrap elementor-element-populated\">\n\t\t\t\t\t\t\t<div class=\"elementor-widget-wrap\">\n\t\t\t\t\t\t<div class=\"elementor-element elementor-element-3f324ba elementor-widget elementor-widget-spacer\" data-id=\"3f324ba\" data-element_type=\"widget\" data-widget_type=\"spacer.default\">\n\t\t\t\t<div class=\"elementor-widget-container\">\n\t\t\t\t\t<div class=\"elementor-spacer\">\n\t\t\t<div class=\"elementor-spacer-inner\"><\/div>\n\t\t<\/div>\n\t\t\t\t<\/div>\n\t\t\t\t<\/div>\n\t\t\t\t\t\t<\/div>\n\t\t\t\t\t<\/div>\n\t\t<\/div>\n\t\t\t\t<div class=\"elementor-column elementor-col-50 elementor-top-column elementor-element elementor-element-e735804 animated-slow elementor-invisible\" data-id=\"e735804\" data-element_type=\"column\" data-settings=\"{&quot;animation&quot;:&quot;fadeInLeft&quot;,&quot;animation_delay&quot;:200}\">\n\t\t\t<div class=\"elementor-column-wrap elementor-element-populated\">\n\t\t\t\t\t\t\t<div class=\"elementor-widget-wrap\">\n\t\t\t\t\t\t<div class=\"elementor-element elementor-element-cedd0a2 elementor-widget elementor-widget-heading\" data-id=\"cedd0a2\" data-element_type=\"widget\" data-widget_type=\"heading.default\">\n\t\t\t\t<div class=\"elementor-widget-container\">\n\t\t\t<h4 class=\"elementor-heading-title elementor-size-default\">Fabricaci\u00f3n de<\/h4>\t\t<\/div>\n\t\t\t\t<\/div>\n\t\t\t\t<div class=\"elementor-element elementor-element-74e0b8b elementor-widget elementor-widget-heading\" data-id=\"74e0b8b\" data-element_type=\"widget\" data-widget_type=\"heading.default\">\n\t\t\t\t<div class=\"elementor-widget-container\">\n\t\t\t<h2 class=\"elementor-heading-title elementor-size-default\">Andamios Colgantes Certificados<\/h2>\t\t<\/div>\n\t\t\t\t<\/div>\n\t\t\t\t<div class=\"elementor-element elementor-element-509a6cf elementor-widget elementor-widget-text-editor\" data-id=\"509a6cf\" data-element_type=\"widget\" data-widget_type=\"text-editor.default\">\n\t\t\t\t<div class=\"elementor-widget-container\">\n\t\t\t\t\t\t\t\t<div class=\"elementor-text-editor elementor-clearfix\">\n\t\t\t\t<p><em>El andamio colgante preferido por los <strong>mamposteros<\/strong><\/em><\/p>\t\t\t\t\t<\/div>\n\t\t\t\t\t\t<\/div>\n\t\t\t\t<\/div>\n\t\t\t\t<div class=\"elementor-element elementor-element-85efd67 elementor-widget elementor-widget-text-editor\" data-id=\"85efd67\" data-element_type=\"widget\" data-widget_type=\"text-editor.default\">\n\t\t\t\t<div class=\"elementor-widget-container\">\n\t\t\t\t\t\t\t\t<div class=\"elementor-text-editor elementor-clearfix\">\n\t\t\t\t<p>El Andamio Colgante Liviano Certificado es ideal para el trabajo en alturas gracias a su\u00a0<strong>alcance de hasta 35 pisos<\/strong>, facilidad de armado y desarmado, materiales ligeros y resistentes y su\u00a0<strong>plataforma de trabajo continuo<\/strong>.<\/p><p>Cumple con las normas de seguridad industrial nacional e internacional, sus piezas son compatibles con el andamio tradicional y tipo Fecon, y tiene capacidad de<strong>\u00a0carga de hasta los 800 kg.<\/strong><\/p>\t\t\t\t\t<\/div>\n\t\t\t\t\t\t<\/div>\n\t\t\t\t<\/div>\n\t\t\t\t<div class=\"elementor-element elementor-element-35a8eb8 elementor-widget elementor-widget-button\" data-id=\"35a8eb8\" data-element_type=\"widget\" data-widget_type=\"button.default\">\n\t\t\t\t<div class=\"elementor-widget-container\">\n\t\t\t\t\t<div class=\"elementor-button-wrapper\">\n\t\t\t<a href=\"https:\/\/andamiosglobal.com\/productos\/andamio-colgante-liviano-certificado\" class=\"elementor-button-link elementor-button elementor-size-sm\" role=\"button\">\n\t\t\t\t\t\t<span class=\"elementor-button-content-wrapper\">\n\t\t\t\t\t\t<span class=\"elementor-button-text\">M\u00e1s informaci\u00f3n<\/span>\n\t\t<\/span>\n\t\t\t\t\t<\/a>\n\t\t<\/div>\n\t\t\t\t<\/div>\n\t\t\t\t<\/div>\n\t\t\t\t\t\t<\/div>\n\t\t\t\t\t<\/div>\n\t\t<\/div>\n\t\t\t\t\t\t\t\t<\/div>\n\t\t\t\t\t<\/div>\n\t\t<\/section>\n\t\t\t\t<section class=\"elementor-section elementor-top-section elementor-element elementor-element-81633a8 elementor-section-height-min-height elementor-section-items-stretch elementor-section-content-middle elementor-section-boxed elementor-section-height-default\" data-id=\"81633a8\" data-element_type=\"section\" data-settings=\"{&quot;background_background&quot;:&quot;classic&quot;}\">\n\t\t\t\t\t\t\t<div class=\"elementor-background-overlay\"><\/div>\n\t\t\t\t\t\t\t<div class=\"elementor-container elementor-column-gap-wider\">\n\t\t\t\t\t\t\t<div class=\"elementor-row\">\n\t\t\t\t\t<div class=\"elementor-column elementor-col-50 elementor-top-column elementor-element elementor-element-d9f6867 elementor-invisible\" data-id=\"d9f6867\" data-element_type=\"column\" data-settings=\"{&quot;background_background&quot;:&quot;slideshow&quot;,&quot;background_slideshow_gallery&quot;:[{&quot;id&quot;:3870,&quot;url&quot;:&quot;https:\\\/\\\/andamiosglobal.com\\\/wp-content\\\/uploads\\\/2019\\\/10\\\/Portada-8-practicas-seguras-en-alturas-1024x451.jpg&quot;},{&quot;id&quot;:4347,&quot;url&quot;:&quot;https:\\\/\\\/andamiosglobal.com\\\/wp-content\\\/uploads\\\/2022\\\/03\\\/IMG_0397-scaled.jpg&quot;},{&quot;id&quot;:4346,&quot;url&quot;:&quot;https:\\\/\\\/andamiosglobal.com\\\/wp-content\\\/uploads\\\/2022\\\/03\\\/IMG_0387-1.jpg&quot;},{&quot;id&quot;:3783,&quot;url&quot;:&quot;https:\\\/\\\/andamiosglobal.com\\\/wp-content\\\/uploads\\\/2019\\\/07\\\/Slider_Muldireccional_2.jpg&quot;}],&quot;animation&quot;:&quot;fadeInLeft&quot;,&quot;animation_delay&quot;:100,&quot;background_slideshow_loop&quot;:&quot;yes&quot;,&quot;background_slideshow_slide_duration&quot;:5000,&quot;background_slideshow_slide_transition&quot;:&quot;fade&quot;,&quot;background_slideshow_transition_duration&quot;:500}\">\n\t\t\t<div class=\"elementor-column-wrap elementor-element-populated\">\n\t\t\t\t\t\t\t<div class=\"elementor-widget-wrap\">\n\t\t\t\t\t\t<div class=\"elementor-element elementor-element-a34f67f elementor-widget elementor-widget-spacer\" data-id=\"a34f67f\" data-element_type=\"widget\" data-widget_type=\"spacer.default\">\n\t\t\t\t<div class=\"elementor-widget-container\">\n\t\t\t\t\t<div class=\"elementor-spacer\">\n\t\t\t<div class=\"elementor-spacer-inner\"><\/div>\n\t\t<\/div>\n\t\t\t\t<\/div>\n\t\t\t\t<\/div>\n\t\t\t\t\t\t<\/div>\n\t\t\t\t\t<\/div>\n\t\t<\/div>\n\t\t\t\t<div class=\"elementor-column elementor-col-50 elementor-top-column elementor-element elementor-element-205566b animated-slow elementor-invisible\" data-id=\"205566b\" data-element_type=\"column\" data-settings=\"{&quot;animation&quot;:&quot;fadeInLeft&quot;,&quot;animation_delay&quot;:200}\">\n\t\t\t<div class=\"elementor-column-wrap elementor-element-populated\">\n\t\t\t\t\t\t\t<div class=\"elementor-widget-wrap\">\n\t\t\t\t\t\t<div class=\"elementor-element elementor-element-fa6210f elementor-widget elementor-widget-heading\" data-id=\"fa6210f\" data-element_type=\"widget\" data-widget_type=\"heading.default\">\n\t\t\t\t<div class=\"elementor-widget-container\">\n\t\t\t<h4 class=\"elementor-heading-title elementor-size-default\">Venta de<\/h4>\t\t<\/div>\n\t\t\t\t<\/div>\n\t\t\t\t<div class=\"elementor-element elementor-element-1f34ab8 elementor-widget elementor-widget-heading\" data-id=\"1f34ab8\" data-element_type=\"widget\" data-widget_type=\"heading.default\">\n\t\t\t\t<div class=\"elementor-widget-container\">\n\t\t\t<h2 class=\"elementor-heading-title elementor-size-default\">Andamios Multidireccionales Certificados<\/h2>\t\t<\/div>\n\t\t\t\t<\/div>\n\t\t\t\t<div class=\"elementor-element elementor-element-52d0c96 elementor-widget elementor-widget-text-editor\" data-id=\"52d0c96\" data-element_type=\"widget\" data-widget_type=\"text-editor.default\">\n\t\t\t\t<div class=\"elementor-widget-container\">\n\t\t\t\t\t\t\t\t<div class=\"elementor-text-editor elementor-clearfix\">\n\t\t\t\t<p>Nuestro Andamio Multidireccional Certificado tipo <strong>Ring Lock<\/strong> est\u00e1 fabricado bajo estrictos controles de calidad que cumplen con la normatividad Europea, Estadounidense y Colombiana.<\/p><p>Se ajusta a diferentes geometr\u00edas, fabricados en <strong>acero Q345 galvanizado<\/strong> haci\u00e9ndolo m\u00e1s resistente a la oxidaci\u00f3n e id\u00f3neo para climas tropicales y condiciones extremas de uso<\/p>\t\t\t\t\t<\/div>\n\t\t\t\t\t\t<\/div>\n\t\t\t\t<\/div>\n\t\t\t\t<div class=\"elementor-element elementor-element-80c4ad9 elementor-widget elementor-widget-button\" data-id=\"80c4ad9\" data-element_type=\"widget\" data-widget_type=\"button.default\">\n\t\t\t\t<div class=\"elementor-widget-container\">\n\t\t\t\t\t<div class=\"elementor-button-wrapper\">\n\t\t\t<a href=\"https:\/\/andamiosglobal.com\/andamios-certificados\/andamio-multidireccional-certificado\/\" class=\"elementor-button-link elementor-button elementor-size-sm\" role=\"button\">\n\t\t\t\t\t\t<span class=\"elementor-button-content-wrapper\">\n\t\t\t\t\t\t<span class=\"elementor-button-text\">M\u00e1s informaci\u00f3n<\/span>\n\t\t<\/span>\n\t\t\t\t\t<\/a>\n\t\t<\/div>\n\t\t\t\t<\/div>\n\t\t\t\t<\/div>\n\t\t\t\t\t\t<\/div>\n\t\t\t\t\t<\/div>\n\t\t<\/div>\n\t\t\t\t\t\t\t\t<\/div>\n\t\t\t\t\t<\/div>\n\t\t<\/section>\n\t\t\t\t\t\t<\/div>\n\t\t\t\t\t\t<\/div>\n\t\t\t\t\t<\/div>\n\t\t","protected":false},"excerpt":{"rendered":"<p>Andamios CERTIFICADOS Fabricaci\u00f3n de Andamios Colgantes El\u00e9ctricos Certificados El Andamio Colgante Certificado el\u00e9ctrico o manual es ideal para el trabajo en alturas gracias a su\u00a0alcance de hasta 200 metros, facilidad de armado y desarmado, materiales ligeros y resistentes y su\u00a0factor de seguridad del 400%. Cumple con las normas de seguridad industrial, otorga hasta un\u00a050% de [&hellip;]<\/p>\n","protected":false},"author":1,"featured_media":0,"parent":0,"menu_order":0,"comment_status":"closed","ping_status":"closed","template":"","meta":[],"yoast_head":"<!-- This site is optimized with the Yoast SEO plugin v17.5 - https:\/\/yoast.com\/wordpress\/plugins\/seo\/ -->\n<title>Andamios Certificados | Andamios Colgantes y Multidireccionales<\/title>\n<meta name=\"description\" content=\"Somos especialistas en andamios certificados. Fabricaci\u00f3n, venta y alquiler de andamios colgantes certificados y andamios multidireccionales certificados con entrega en toda Colombia.\" \/>\n<meta name=\"robots\" content=\"index, follow, max-snippet:-1, max-image-preview:large, max-video-preview:-1\" \/>\n<link rel=\"canonical\" href=\"https:\/\/andamiosglobal.com\/es_es\/andamios-certificados\/\" \/>\n<meta property=\"og:locale\" content=\"es_ES\" \/>\n<meta property=\"og:type\" content=\"article\" \/>\n<meta property=\"og:title\" content=\"Andamios Certificados | Andamios Colgantes y Multidireccionales\" \/>\n<meta property=\"og:description\" content=\"Somos especialistas en andamios certificados. Fabricaci\u00f3n, venta y alquiler de andamios colgantes certificados y andamios multidireccionales certificados con entrega en toda Colombia.\" \/>\n<meta property=\"og:url\" content=\"https:\/\/andamiosglobal.com\/es_es\/andamios-certificados\/\" \/>\n<meta property=\"og:site_name\" content=\"Andamios Global\" \/>\n<meta property=\"article:publisher\" content=\"https:\/\/www.facebook.com\/ANDAMIOSGLOBAL\/\" \/>\n<meta property=\"article:modified_time\" content=\"2025-03-18T15:30:20+00:00\" \/>\n<meta property=\"og:image\" content=\"https:\/\/andamiosglobal.com\/wp-content\/uploads\/2022\/05\/Portada-Andamios-Global-Sitio-Web.png\" \/>\n\t<meta property=\"og:image:width\" content=\"1437\" \/>\n\t<meta property=\"og:image:height\" content=\"711\" \/>\n<meta name=\"twitter:card\" content=\"summary_large_image\" \/>\n<meta name=\"twitter:site\" content=\"@Andamios_global\" \/>\n<meta name=\"twitter:label1\" content=\"Tiempo de lectura\" \/>\n\t<meta name=\"twitter:data1\" content=\"1 minuto\" \/>\n<script type=\"application\/ld+json\" class=\"yoast-schema-graph\">{\"@context\":\"https:\/\/schema.org\",\"@graph\":[{\"@type\":\"WebSite\",\"@id\":\"https:\/\/andamiosglobal.com\/es_es\/#website\",\"url\":\"https:\/\/andamiosglobal.com\/es_es\/\",\"name\":\"Andamios Global\",\"description\":\"Fabricaci\\u00f3n y alquiler de andamios certificado en Colombia\",\"potentialAction\":[{\"@type\":\"SearchAction\",\"target\":{\"@type\":\"EntryPoint\",\"urlTemplate\":\"https:\/\/andamiosglobal.com\/es_es\/?s={search_term_string}\"},\"query-input\":\"required name=search_term_string\"}],\"inLanguage\":\"es\"},{\"@type\":\"WebPage\",\"@id\":\"https:\/\/andamiosglobal.com\/es_es\/andamios-certificados\/#webpage\",\"url\":\"https:\/\/andamiosglobal.com\/es_es\/andamios-certificados\/\",\"name\":\"Andamios Certificados | Andamios Colgantes y Multidireccionales\",\"isPartOf\":{\"@id\":\"https:\/\/andamiosglobal.com\/es_es\/#website\"},\"datePublished\":\"2022-04-22T19:25:35+00:00\",\"dateModified\":\"2025-03-18T15:30:20+00:00\",\"description\":\"Somos especialistas en andamios certificados. Fabricaci\\u00f3n, venta y alquiler de andamios colgantes certificados y andamios multidireccionales certificados con entrega en toda Colombia.\",\"breadcrumb\":{\"@id\":\"https:\/\/andamiosglobal.com\/es_es\/andamios-certificados\/#breadcrumb\"},\"inLanguage\":\"es\",\"potentialAction\":[{\"@type\":\"ReadAction\",\"target\":[\"https:\/\/andamiosglobal.com\/es_es\/andamios-certificados\/\"]}]},{\"@type\":\"BreadcrumbList\",\"@id\":\"https:\/\/andamiosglobal.com\/es_es\/andamios-certificados\/#breadcrumb\",\"itemListElement\":[{\"@type\":\"ListItem\",\"position\":1,\"name\":\"Andamios Certificados\",\"item\":\"https:\/\/andamiosglobal.com\/es_es\/\"},{\"@type\":\"ListItem\",\"position\":2,\"name\":\"Productos\"}]}]}<\/script>\n<!-- \/ Yoast SEO plugin. -->","yoast_head_json":{"title":"Andamios Certificados | Andamios Colgantes y Multidireccionales","description":"Somos especialistas en andamios certificados. Fabricaci\u00f3n, venta y alquiler de andamios colgantes certificados y andamios multidireccionales certificados con entrega en toda Colombia.","robots":{"index":"index","follow":"follow","max-snippet":"max-snippet:-1","max-image-preview":"max-image-preview:large","max-video-preview":"max-video-preview:-1"},"canonical":"https:\/\/andamiosglobal.com\/es_es\/andamios-certificados\/","og_locale":"es_ES","og_type":"article","og_title":"Andamios Certificados | Andamios Colgantes y Multidireccionales","og_description":"Somos especialistas en andamios certificados. Fabricaci\u00f3n, venta y alquiler de andamios colgantes certificados y andamios multidireccionales certificados con entrega en toda Colombia.","og_url":"https:\/\/andamiosglobal.com\/es_es\/andamios-certificados\/","og_site_name":"Andamios Global","article_publisher":"https:\/\/www.facebook.com\/ANDAMIOSGLOBAL\/","article_modified_time":"2025-03-18T15:30:20+00:00","og_image":[{"width":1437,"height":711,"url":"https:\/\/andamiosglobal.com\/wp-content\/uploads\/2022\/05\/Portada-Andamios-Global-Sitio-Web.png","type":"image\/png"}],"twitter_card":"summary_large_image","twitter_site":"@Andamios_global","twitter_misc":{"Tiempo de lectura":"1 minuto"},"schema":{"@context":"https:\/\/schema.org","@graph":[{"@type":"WebSite","@id":"https:\/\/andamiosglobal.com\/es_es\/#website","url":"https:\/\/andamiosglobal.com\/es_es\/","name":"Andamios Global","description":"Fabricaci\u00f3n y alquiler de andamios certificado en Colombia","potentialAction":[{"@type":"SearchAction","target":{"@type":"EntryPoint","urlTemplate":"https:\/\/andamiosglobal.com\/es_es\/?s={search_term_string}"},"query-input":"required name=search_term_string"}],"inLanguage":"es"},{"@type":"WebPage","@id":"https:\/\/andamiosglobal.com\/es_es\/andamios-certificados\/#webpage","url":"https:\/\/andamiosglobal.com\/es_es\/andamios-certificados\/","name":"Andamios Certificados | Andamios Colgantes y Multidireccionales","isPartOf":{"@id":"https:\/\/andamiosglobal.com\/es_es\/#website"},"datePublished":"2022-04-22T19:25:35+00:00","dateModified":"2025-03-18T15:30:20+00:00","description":"Somos especialistas en andamios certificados. Fabricaci\u00f3n, venta y alquiler de andamios colgantes certificados y andamios multidireccionales certificados con entrega en toda Colombia.","breadcrumb":{"@id":"https:\/\/andamiosglobal.com\/es_es\/andamios-certificados\/#breadcrumb"},"inLanguage":"es","potentialAction":[{"@type":"ReadAction","target":["https:\/\/andamiosglobal.com\/es_es\/andamios-certificados\/"]}]},{"@type":"BreadcrumbList","@id":"https:\/\/andamiosglobal.com\/es_es\/andamios-certificados\/#breadcrumb","itemListElement":[{"@type":"ListItem","position":1,"name":"Andamios Certificados","item":"https:\/\/andamiosglobal.com\/es_es\/"},{"@type":"ListItem","position":2,"name":"Productos"}]}]}},"_links":{"self":[{"href":"https:\/\/andamiosglobal.com\/es_es\/wp-json\/wp\/v2\/pages\/4662"}],"collection":[{"href":"https:\/\/andamiosglobal.com\/es_es\/wp-json\/wp\/v2\/pages"}],"about":[{"href":"https:\/\/andamiosglobal.com\/es_es\/wp-json\/wp\/v2\/types\/page"}],"author":[{"embeddable":true,"href":"https:\/\/andamiosglobal.com\/es_es\/wp-json\/wp\/v2\/users\/1"}],"replies":[{"embeddable":true,"href":"https:\/\/andamiosglobal.com\/es_es\/wp-json\/wp\/v2\/comments?post=4662"}],"version-history":[{"count":71,"href":"https:\/\/andamiosglobal.com\/es_es\/wp-json\/wp\/v2\/pages\/4662\/revisions"}],"predecessor-version":[{"id":5327,"href":"https:\/\/andamiosglobal.com\/es_es\/wp-json\/wp\/v2\/pages\/4662\/revisions\/5327"}],"wp:attachment":[{"href":"https:\/\/andamiosglobal.com\/es_es\/wp-json\/wp\/v2\/media?parent=4662"}],"curies":[{"name":"wp","href":"https:\/\/api.w.org\/{rel}","templated":true}]}}